{"id":1775,"date":"2025-10-15T10:48:24","date_gmt":"2025-10-15T07:48:24","guid":{"rendered":"https:\/\/marintiganik.ee\/?post_type=product&#038;p=1775"},"modified":"2026-02-02T15:46:54","modified_gmt":"2026-02-02T12:46:54","slug":"bundle-retseptiraamatud","status":"publish","type":"product","link":"https:\/\/marintiganik.ee\/en\/toode\/bundle-retseptiraamatud\/","title":{"rendered":"BUNDLE | E-Retseptiraamatud"},"content":{"rendered":"","protected":false},"excerpt":{"rendered":"<p>N\u00fc\u00fcd on sul v\u00f5imalus 2 E-retseptiraamatut koos osta!<\/p>\n","protected":false},"featured_media":1776,"comment_status":"open","ping_status":"closed","template":"","meta":[],"product_brand":[],"product_cat":[15],"product_tag":[],"class_list":{"0":"post-1775","1":"product","2":"type-product","3":"status-publish","4":"has-post-thumbnail","6":"product_cat-toitumine","8":"first","9":"instock","10":"downloadable","11":"virtual","12":"purchasable","13":"product-type-simple"},"_links":{"self":[{"href":"https:\/\/marintiganik.ee\/en\/wp-json\/wp\/v2\/product\/1775","targetHints":{"allow":["GET"]}}],"collection":[{"href":"https:\/\/marintiganik.ee\/en\/wp-json\/wp\/v2\/product"}],"about":[{"href":"https:\/\/marintiganik.ee\/en\/wp-json\/wp\/v2\/types\/product"}],"replies":[{"embeddable":true,"href":"https:\/\/marintiganik.ee\/en\/wp-json\/wp\/v2\/comments?post=1775"}],"version-history":[{"count":2,"href":"https:\/\/marintiganik.ee\/en\/wp-json\/wp\/v2\/product\/1775\/revisions"}],"predecessor-version":[{"id":1914,"href":"https:\/\/marintiganik.ee\/en\/wp-json\/wp\/v2\/product\/1775\/revisions\/1914"}],"wp:featuredmedia":[{"embeddable":true,"href":"https:\/\/marintiganik.ee\/en\/wp-json\/wp\/v2\/media\/1776"}],"wp:attachment":[{"href":"https:\/\/marintiganik.ee\/en\/wp-json\/wp\/v2\/media?parent=1775"}],"wp:term":[{"taxonomy":"product_brand","embeddable":true,"href":"https:\/\/marintiganik.ee\/en\/wp-json\/wp\/v2\/product_brand?post=1775"},{"taxonomy":"product_cat","embeddable":true,"href":"https:\/\/marintiganik.ee\/en\/wp-json\/wp\/v2\/product_cat?post=1775"},{"taxonomy":"product_tag","embeddable":true,"href":"https:\/\/marintiganik.ee\/en\/wp-json\/wp\/v2\/product_tag?post=1775"}],"curies":[{"name":"wp","href":"https:\/\/api.w.org\/{rel}","templated":true}]}}