{"id":1760,"date":"2025-10-14T14:51:57","date_gmt":"2025-10-14T11:51:57","guid":{"rendered":"https:\/\/marintiganik.ee\/?post_type=product&#038;p=1760"},"modified":"2026-02-03T15:49:24","modified_gmt":"2026-02-03T12:49:24","slug":"retseptiraamat-2-0","status":"publish","type":"product","link":"https:\/\/marintiganik.ee\/en\/toode\/retseptiraamat-2-0\/","title":{"rendered":"&#8220;Lemmiktoidud tervislikumas v\u00f5tmes&#8221; (E-raamat)"},"content":{"rendered":"","protected":false},"excerpt":{"rendered":"<p>Retseptiraamat 2.0 sisaldab tervislikke ja maitsvaid retsepte. Siit leiad k\u00f5ik oma lemmikud \u2013 burgerid, pitsad, koogid ja palju muud. K\u00f5ik tervislikumas v\u00f5tmes, mida saad nautida iga p\u00e4ev!<\/p>\n","protected":false},"featured_media":1765,"comment_status":"open","ping_status":"closed","template":"","meta":[],"product_brand":[],"product_cat":[15],"product_tag":[],"class_list":{"0":"post-1760","1":"product","2":"type-product","3":"status-publish","4":"has-post-thumbnail","6":"product_cat-toitumine","8":"first","9":"instock","10":"downloadable","11":"virtual","12":"purchasable","13":"product-type-simple"},"_links":{"self":[{"href":"https:\/\/marintiganik.ee\/en\/wp-json\/wp\/v2\/product\/1760","targetHints":{"allow":["GET"]}}],"collection":[{"href":"https:\/\/marintiganik.ee\/en\/wp-json\/wp\/v2\/product"}],"about":[{"href":"https:\/\/marintiganik.ee\/en\/wp-json\/wp\/v2\/types\/product"}],"replies":[{"embeddable":true,"href":"https:\/\/marintiganik.ee\/en\/wp-json\/wp\/v2\/comments?post=1760"}],"version-history":[{"count":4,"href":"https:\/\/marintiganik.ee\/en\/wp-json\/wp\/v2\/product\/1760\/revisions"}],"predecessor-version":[{"id":1915,"href":"https:\/\/marintiganik.ee\/en\/wp-json\/wp\/v2\/product\/1760\/revisions\/1915"}],"wp:featuredmedia":[{"embeddable":true,"href":"https:\/\/marintiganik.ee\/en\/wp-json\/wp\/v2\/media\/1765"}],"wp:attachment":[{"href":"https:\/\/marintiganik.ee\/en\/wp-json\/wp\/v2\/media?parent=1760"}],"wp:term":[{"taxonomy":"product_brand","embeddable":true,"href":"https:\/\/marintiganik.ee\/en\/wp-json\/wp\/v2\/product_brand?post=1760"},{"taxonomy":"product_cat","embeddable":true,"href":"https:\/\/marintiganik.ee\/en\/wp-json\/wp\/v2\/product_cat?post=1760"},{"taxonomy":"product_tag","embeddable":true,"href":"https:\/\/marintiganik.ee\/en\/wp-json\/wp\/v2\/product_tag?post=1760"}],"curies":[{"name":"wp","href":"https:\/\/api.w.org\/{rel}","templated":true}]}}