{"id":1490,"date":"2024-11-20T14:34:48","date_gmt":"2024-11-20T11:34:48","guid":{"rendered":"https:\/\/marintiganik.ee\/?post_type=product&#038;p=1490"},"modified":"2026-02-02T15:46:54","modified_gmt":"2026-02-02T12:46:54","slug":"high-protein-recipe-pack","status":"publish","type":"product","link":"https:\/\/marintiganik.ee\/en\/toode\/high-protein-recipe-pack\/","title":{"rendered":"High Protein Recipe Pack"},"content":{"rendered":"","protected":false},"excerpt":{"rendered":"<p>Sellest retseptiraamatust leiad 52 lihtsat ja valgurikast retsepti, mis pakuvad maitsvaid ideid hommiku-, l\u00f5una- ja \u00f5htus\u00f6\u00f6kideks, vahepaladeks ning smuutideks.<\/p>\n<p>&nbsp;<\/p>\n<p>*toode on saadaval eesti ja inglise keeles<\/p>\n","protected":false},"featured_media":1495,"comment_status":"open","ping_status":"closed","template":"","meta":[],"product_brand":[],"product_cat":[29],"product_tag":[],"class_list":{"0":"post-1490","1":"product","2":"type-product","3":"status-publish","4":"has-post-thumbnail","6":"product_cat-toitumiskavad","8":"first","9":"instock","10":"downloadable","11":"virtual","12":"purchasable","13":"product-type-simple"},"_links":{"self":[{"href":"https:\/\/marintiganik.ee\/en\/wp-json\/wp\/v2\/product\/1490","targetHints":{"allow":["GET"]}}],"collection":[{"href":"https:\/\/marintiganik.ee\/en\/wp-json\/wp\/v2\/product"}],"about":[{"href":"https:\/\/marintiganik.ee\/en\/wp-json\/wp\/v2\/types\/product"}],"replies":[{"embeddable":true,"href":"https:\/\/marintiganik.ee\/en\/wp-json\/wp\/v2\/comments?post=1490"}],"version-history":[{"count":3,"href":"https:\/\/marintiganik.ee\/en\/wp-json\/wp\/v2\/product\/1490\/revisions"}],"predecessor-version":[{"id":1808,"href":"https:\/\/marintiganik.ee\/en\/wp-json\/wp\/v2\/product\/1490\/revisions\/1808"}],"wp:featuredmedia":[{"embeddable":true,"href":"https:\/\/marintiganik.ee\/en\/wp-json\/wp\/v2\/media\/1495"}],"wp:attachment":[{"href":"https:\/\/marintiganik.ee\/en\/wp-json\/wp\/v2\/media?parent=1490"}],"wp:term":[{"taxonomy":"product_brand","embeddable":true,"href":"https:\/\/marintiganik.ee\/en\/wp-json\/wp\/v2\/product_brand?post=1490"},{"taxonomy":"product_cat","embeddable":true,"href":"https:\/\/marintiganik.ee\/en\/wp-json\/wp\/v2\/product_cat?post=1490"},{"taxonomy":"product_tag","embeddable":true,"href":"https:\/\/marintiganik.ee\/en\/wp-json\/wp\/v2\/product_tag?post=1490"}],"curies":[{"name":"wp","href":"https:\/\/api.w.org\/{rel}","templated":true}]}}